{"id":14618,"date":"2022-12-09T17:12:48","date_gmt":"2022-12-09T16:12:48","guid":{"rendered":"https:\/\/www.okayautos.com\/?page_id=14618"},"modified":"2023-08-08T17:45:08","modified_gmt":"2023-08-08T15:45:08","slug":"malaga-train-station-car-rentals","status":"publish","type":"page","link":"https:\/\/www.okayautos.com\/en\/malaga-train-station-car-rentals\/","title":{"rendered":"Malaga Train Station Car Rentals"},"content":{"rendered":"<div id=\"cs-content\" class=\"cs-content\"><\/div>\n","protected":false},"excerpt":{"rendered":"<p>Premium SuppliersFind the best price comparing rates from more than 110 companies.The Best Car FleetMore than 45 car models. Only premium brands.Minivan RentalsBook your 7 and 9 seater with the best rate guarantee.Your rental car at the Mar\u00eda Zambrano station in Malaga The renovated Mar\u00eda Zambrano station in M\u00e1laga is the arrival point for millions of tourists and business travelers &#8230; <a href=\"https:\/\/www.okayautos.com\/en\/malaga-train-station-car-rentals\/\" class=\"more-link\">Read More<\/a><\/p>\n","protected":false},"author":2,"featured_media":0,"parent":0,"menu_order":0,"comment_status":"closed","ping_status":"closed","template":"template-blank-4.php","meta":{"footnotes":""},"class_list":["post-14618","page","type-page","status-publish","hentry","no-post-thumbnail"],"aioseo_notices":[],"_links":{"self":[{"href":"https:\/\/www.okayautos.com\/en\/wp-json\/wp\/v2\/pages\/14618","targetHints":{"allow":["GET"]}}],"collection":[{"href":"https:\/\/www.okayautos.com\/en\/wp-json\/wp\/v2\/pages"}],"about":[{"href":"https:\/\/www.okayautos.com\/en\/wp-json\/wp\/v2\/types\/page"}],"author":[{"embeddable":true,"href":"https:\/\/www.okayautos.com\/en\/wp-json\/wp\/v2\/users\/2"}],"replies":[{"embeddable":true,"href":"https:\/\/www.okayautos.com\/en\/wp-json\/wp\/v2\/comments?post=14618"}],"version-history":[{"count":17,"href":"https:\/\/www.okayautos.com\/en\/wp-json\/wp\/v2\/pages\/14618\/revisions"}],"predecessor-version":[{"id":16341,"href":"https:\/\/www.okayautos.com\/en\/wp-json\/wp\/v2\/pages\/14618\/revisions\/16341"}],"wp:attachment":[{"href":"https:\/\/www.okayautos.com\/en\/wp-json\/wp\/v2\/media?parent=14618"}],"curies":[{"name":"wp","href":"https:\/\/api.w.org\/{rel}","templated":true}]}}