{"id":14492,"date":"2014-03-18T20:20:22","date_gmt":"2014-03-18T19:20:22","guid":{"rendered":"https:\/\/www.okayautos.com\/alquiler-de-coches-fuerteventura\/"},"modified":"2025-07-01T23:01:34","modified_gmt":"2025-07-01T21:01:34","slug":"noleggio-auto-fuerteventura","status":"publish","type":"page","link":"https:\/\/www.okayautos.com\/it\/noleggio-auto-fuerteventura\/","title":{"rendered":"Noleggio Auto Fuerteventura"},"content":{"rendered":"<div id=\"cs-content\" class=\"cs-content\"><\/div>\n","protected":false},"excerpt":{"rendered":"<p>La tua auto a noleggio Fuerteventura con la miglior tariffa I rent a car che offrono il servizio di noleggio auto a Fuerteventura sono comodamente situati nel terminal. Scegli tra pi\u00f9 di 25 rent a car con la miglior tariffa garantita. Controlliamo periodicamente la qualit\u00e0 delle flotte affinch\u00e9 ti sia consegnata sempre una vettura nueva e sicura. Le nostre tariffe &#8230; <a href=\"https:\/\/www.okayautos.com\/it\/noleggio-auto-fuerteventura\/\" class=\"more-link\">Read More<\/a><\/p>\n","protected":false},"author":2,"featured_media":0,"parent":0,"menu_order":0,"comment_status":"closed","ping_status":"closed","template":"template-blank-4.php","meta":{"footnotes":""},"class_list":["post-14492","page","type-page","status-publish","hentry","no-post-thumbnail"],"aioseo_notices":[],"_links":{"self":[{"href":"https:\/\/www.okayautos.com\/it\/wp-json\/wp\/v2\/pages\/14492","targetHints":{"allow":["GET"]}}],"collection":[{"href":"https:\/\/www.okayautos.com\/it\/wp-json\/wp\/v2\/pages"}],"about":[{"href":"https:\/\/www.okayautos.com\/it\/wp-json\/wp\/v2\/types\/page"}],"author":[{"embeddable":true,"href":"https:\/\/www.okayautos.com\/it\/wp-json\/wp\/v2\/users\/2"}],"replies":[{"embeddable":true,"href":"https:\/\/www.okayautos.com\/it\/wp-json\/wp\/v2\/comments?post=14492"}],"version-history":[{"count":6,"href":"https:\/\/www.okayautos.com\/it\/wp-json\/wp\/v2\/pages\/14492\/revisions"}],"predecessor-version":[{"id":16505,"href":"https:\/\/www.okayautos.com\/it\/wp-json\/wp\/v2\/pages\/14492\/revisions\/16505"}],"wp:attachment":[{"href":"https:\/\/www.okayautos.com\/it\/wp-json\/wp\/v2\/media?parent=14492"}],"curies":[{"name":"wp","href":"https:\/\/api.w.org\/{rel}","templated":true}]}}