{"id":14498,"date":"2014-12-04T16:05:15","date_gmt":"2014-12-04T15:05:15","guid":{"rendered":"https:\/\/www.okayautos.com\/alquiler-de-coches-gerona\/"},"modified":"2025-07-01T23:01:55","modified_gmt":"2025-07-01T21:01:55","slug":"noleggio-auto-gerona","status":"publish","type":"page","link":"https:\/\/www.okayautos.com\/it\/noleggio-auto-gerona\/","title":{"rendered":"Noleggio Auto Gerona"},"content":{"rendered":"<div id=\"cs-content\" class=\"cs-content\"><\/div>\n","protected":false},"excerpt":{"rendered":"<p>Prenota la tua auto a noleggio a Gerona low cost Abbiamo reso pi\u00f9 facile, intuitivo e trasparente il processo di prenotazione dell&#8217;autonoleggio a Gerona e pi\u00f9 in generale, in tutte le destinazioni dove lavoriamo. Grazie all&#8217;esperienza maturata in pi\u00f9 di vent&#8217;anni di presenza in questo settore, conosciamo bene le tue esigenze e adattiamo le offerte proprio a queste. Da oggi, &#8230; <a href=\"https:\/\/www.okayautos.com\/it\/noleggio-auto-gerona\/\" class=\"more-link\">Read More<\/a><\/p>\n","protected":false},"author":2,"featured_media":0,"parent":0,"menu_order":0,"comment_status":"closed","ping_status":"closed","template":"template-blank-4.php","meta":{"footnotes":""},"class_list":["post-14498","page","type-page","status-publish","hentry","no-post-thumbnail"],"aioseo_notices":[],"_links":{"self":[{"href":"https:\/\/www.okayautos.com\/it\/wp-json\/wp\/v2\/pages\/14498","targetHints":{"allow":["GET"]}}],"collection":[{"href":"https:\/\/www.okayautos.com\/it\/wp-json\/wp\/v2\/pages"}],"about":[{"href":"https:\/\/www.okayautos.com\/it\/wp-json\/wp\/v2\/types\/page"}],"author":[{"embeddable":true,"href":"https:\/\/www.okayautos.com\/it\/wp-json\/wp\/v2\/users\/2"}],"replies":[{"embeddable":true,"href":"https:\/\/www.okayautos.com\/it\/wp-json\/wp\/v2\/comments?post=14498"}],"version-history":[{"count":7,"href":"https:\/\/www.okayautos.com\/it\/wp-json\/wp\/v2\/pages\/14498\/revisions"}],"predecessor-version":[{"id":16506,"href":"https:\/\/www.okayautos.com\/it\/wp-json\/wp\/v2\/pages\/14498\/revisions\/16506"}],"wp:attachment":[{"href":"https:\/\/www.okayautos.com\/it\/wp-json\/wp\/v2\/media?parent=14498"}],"curies":[{"name":"wp","href":"https:\/\/api.w.org\/{rel}","templated":true}]}}