{"id":14505,"date":"2013-07-25T19:52:29","date_gmt":"2013-07-25T17:52:29","guid":{"rendered":"https:\/\/www.okayautos.com\/alquiler-de-coches-gran-canaria\/"},"modified":"2025-07-01T23:02:02","modified_gmt":"2025-07-01T21:02:02","slug":"noleggio-auto-gran-canaria","status":"publish","type":"page","link":"https:\/\/www.okayautos.com\/it\/noleggio-auto-gran-canaria\/","title":{"rendered":"Noleggio Auto Gran Canaria"},"content":{"rendered":"<div id=\"cs-content\" class=\"cs-content\"><\/div>\n","protected":false},"excerpt":{"rendered":"<p>Gran Canaria, il sogno a portata di mano A una ventina di chilometri da Las Palmas troviamo uno degli aeroporti pi\u00f9 importanti delle Isole Canarie. L&#8217;aeroporto di Gran Canaria gestisce una media di dieci milioni di passeggeri ogni anno collegando l&#8217;isola con le destinazioni europee pi\u00f9 importanti ma anche con citt\u00e0 africane come Dakar o Casablanca. \u00c8 collegata da pi\u00f9 &#8230; <a href=\"https:\/\/www.okayautos.com\/it\/noleggio-auto-gran-canaria\/\" class=\"more-link\">Read More<\/a><\/p>\n","protected":false},"author":2,"featured_media":0,"parent":0,"menu_order":0,"comment_status":"closed","ping_status":"closed","template":"template-blank-4.php","meta":{"footnotes":""},"class_list":["post-14505","page","type-page","status-publish","hentry","no-post-thumbnail"],"aioseo_notices":[],"_links":{"self":[{"href":"https:\/\/www.okayautos.com\/it\/wp-json\/wp\/v2\/pages\/14505","targetHints":{"allow":["GET"]}}],"collection":[{"href":"https:\/\/www.okayautos.com\/it\/wp-json\/wp\/v2\/pages"}],"about":[{"href":"https:\/\/www.okayautos.com\/it\/wp-json\/wp\/v2\/types\/page"}],"author":[{"embeddable":true,"href":"https:\/\/www.okayautos.com\/it\/wp-json\/wp\/v2\/users\/2"}],"replies":[{"embeddable":true,"href":"https:\/\/www.okayautos.com\/it\/wp-json\/wp\/v2\/comments?post=14505"}],"version-history":[{"count":6,"href":"https:\/\/www.okayautos.com\/it\/wp-json\/wp\/v2\/pages\/14505\/revisions"}],"predecessor-version":[{"id":16507,"href":"https:\/\/www.okayautos.com\/it\/wp-json\/wp\/v2\/pages\/14505\/revisions\/16507"}],"wp:attachment":[{"href":"https:\/\/www.okayautos.com\/it\/wp-json\/wp\/v2\/media?parent=14505"}],"curies":[{"name":"wp","href":"https:\/\/api.w.org\/{rel}","templated":true}]}}