{"id":14606,"date":"2022-12-09T16:54:40","date_gmt":"2022-12-09T15:54:40","guid":{"rendered":"https:\/\/www.okayautos.com\/?page_id=14606"},"modified":"2025-07-01T23:02:43","modified_gmt":"2025-07-01T21:02:43","slug":"noleggio-auto-jerez-de-la-frontera","status":"publish","type":"page","link":"https:\/\/www.okayautos.com\/it\/noleggio-auto-jerez-de-la-frontera\/","title":{"rendered":"Noleggio Auto Jerez de la Frontera"},"content":{"rendered":"<div id=\"cs-content\" class=\"cs-content\"><\/div>\n","protected":false},"excerpt":{"rendered":"<p>La tua auto a noleggio all&#8217;aeroporto di Jerez de la Frontera Jerez de la Frontera, situata nella regione spagnola dell&#8217;Andalusia, \u00e8 una citt\u00e0 ricca di storia, cultura e, naturalmente, di deliziose tapas. Per esplorare al meglio la citt\u00e0 e i suoi dintorni, l&#8217;autonoleggio \u00e8 la scelta migliore. E per prenotare al miglior prezzo possibile, Okayautos \u00e8 la soluzione ideale. Okayautos &#8230; <a href=\"https:\/\/www.okayautos.com\/it\/noleggio-auto-jerez-de-la-frontera\/\" class=\"more-link\">Read More<\/a><\/p>\n","protected":false},"author":2,"featured_media":0,"parent":0,"menu_order":0,"comment_status":"closed","ping_status":"closed","template":"template-blank-4.php","meta":{"footnotes":""},"class_list":["post-14606","page","type-page","status-publish","hentry","no-post-thumbnail"],"aioseo_notices":[],"_links":{"self":[{"href":"https:\/\/www.okayautos.com\/it\/wp-json\/wp\/v2\/pages\/14606","targetHints":{"allow":["GET"]}}],"collection":[{"href":"https:\/\/www.okayautos.com\/it\/wp-json\/wp\/v2\/pages"}],"about":[{"href":"https:\/\/www.okayautos.com\/it\/wp-json\/wp\/v2\/types\/page"}],"author":[{"embeddable":true,"href":"https:\/\/www.okayautos.com\/it\/wp-json\/wp\/v2\/users\/2"}],"replies":[{"embeddable":true,"href":"https:\/\/www.okayautos.com\/it\/wp-json\/wp\/v2\/comments?post=14606"}],"version-history":[{"count":7,"href":"https:\/\/www.okayautos.com\/it\/wp-json\/wp\/v2\/pages\/14606\/revisions"}],"predecessor-version":[{"id":16510,"href":"https:\/\/www.okayautos.com\/it\/wp-json\/wp\/v2\/pages\/14606\/revisions\/16510"}],"wp:attachment":[{"href":"https:\/\/www.okayautos.com\/it\/wp-json\/wp\/v2\/media?parent=14606"}],"curies":[{"name":"wp","href":"https:\/\/api.w.org\/{rel}","templated":true}]}}