{"id":14610,"date":"2022-12-09T17:03:55","date_gmt":"2022-12-09T16:03:55","guid":{"rendered":"https:\/\/www.okayautos.com\/?page_id=14610"},"modified":"2025-07-01T23:03:23","modified_gmt":"2025-07-01T21:03:23","slug":"noleggio-auto-la-coruna","status":"publish","type":"page","link":"https:\/\/www.okayautos.com\/it\/noleggio-auto-la-coruna\/","title":{"rendered":"Noleggio Auto La Coru\u00f1a"},"content":{"rendered":"<div id=\"cs-content\" class=\"cs-content\"><\/div>\n","protected":false},"excerpt":{"rendered":"<p>Prenota adesso e risparmia sull&#8217;autonoleggio a La Coru\u00f1a L&#8217;autonoleggio \u00e8 un&#8217;opzione molto comune per chi vuole esplorare La Coru\u00f1a, una citt\u00e0 affascinante situata nella regione nord-ovest della Spagna. Okayautos \u00e8 uno dei principali provider di servizi di autonoleggio nella citt\u00e0, offrendo ai clienti una vasta gamma di veicoli per soddisfare le loro esigenze. Perch\u00e9 noleggiare un&#8217;auto a La Coru\u00f1a con &#8230; <a href=\"https:\/\/www.okayautos.com\/it\/noleggio-auto-la-coruna\/\" class=\"more-link\">Read More<\/a><\/p>\n","protected":false},"author":2,"featured_media":0,"parent":0,"menu_order":0,"comment_status":"closed","ping_status":"closed","template":"template-blank-4.php","meta":{"footnotes":""},"class_list":["post-14610","page","type-page","status-publish","hentry","no-post-thumbnail"],"aioseo_notices":[],"_links":{"self":[{"href":"https:\/\/www.okayautos.com\/it\/wp-json\/wp\/v2\/pages\/14610","targetHints":{"allow":["GET"]}}],"collection":[{"href":"https:\/\/www.okayautos.com\/it\/wp-json\/wp\/v2\/pages"}],"about":[{"href":"https:\/\/www.okayautos.com\/it\/wp-json\/wp\/v2\/types\/page"}],"author":[{"embeddable":true,"href":"https:\/\/www.okayautos.com\/it\/wp-json\/wp\/v2\/users\/2"}],"replies":[{"embeddable":true,"href":"https:\/\/www.okayautos.com\/it\/wp-json\/wp\/v2\/comments?post=14610"}],"version-history":[{"count":6,"href":"https:\/\/www.okayautos.com\/it\/wp-json\/wp\/v2\/pages\/14610\/revisions"}],"predecessor-version":[{"id":16511,"href":"https:\/\/www.okayautos.com\/it\/wp-json\/wp\/v2\/pages\/14610\/revisions\/16511"}],"wp:attachment":[{"href":"https:\/\/www.okayautos.com\/it\/wp-json\/wp\/v2\/media?parent=14610"}],"curies":[{"name":"wp","href":"https:\/\/api.w.org\/{rel}","templated":true}]}}