{"id":14614,"date":"2022-12-09T17:08:36","date_gmt":"2022-12-09T16:08:36","guid":{"rendered":"https:\/\/www.okayautos.com\/?page_id=14614"},"modified":"2025-07-01T23:03:33","modified_gmt":"2025-07-01T21:03:33","slug":"noleggio-auto-la-gomera","status":"publish","type":"page","link":"https:\/\/www.okayautos.com\/it\/noleggio-auto-la-gomera\/","title":{"rendered":"Noleggio Auto La Gomera"},"content":{"rendered":"<div id=\"cs-content\" class=\"cs-content\"><\/div>\n","protected":false},"excerpt":{"rendered":"<p>Prenota l&#8217;autonoleggio a La Gomera L&#8217;isola de La Gomera, situata nelle Isole Canarie, \u00e8 una destinazione turistica sempre pi\u00f9 popolare per chi cerca una vacanza all&#8217;insegna del relax e della natura. Con Okayautos \u00e8 possibile noleggiare un&#8217;auto per esplorare l&#8217;isola in modo autonomo, e ci sono molti vantaggi nel visitare La Gomera con una vettura a noleggio. Libert\u00e0 di movimento: &#8230; <a href=\"https:\/\/www.okayautos.com\/it\/noleggio-auto-la-gomera\/\" class=\"more-link\">Read More<\/a><\/p>\n","protected":false},"author":2,"featured_media":0,"parent":0,"menu_order":0,"comment_status":"closed","ping_status":"closed","template":"template-blank-4.php","meta":{"footnotes":""},"class_list":["post-14614","page","type-page","status-publish","hentry","no-post-thumbnail"],"aioseo_notices":[],"_links":{"self":[{"href":"https:\/\/www.okayautos.com\/it\/wp-json\/wp\/v2\/pages\/14614","targetHints":{"allow":["GET"]}}],"collection":[{"href":"https:\/\/www.okayautos.com\/it\/wp-json\/wp\/v2\/pages"}],"about":[{"href":"https:\/\/www.okayautos.com\/it\/wp-json\/wp\/v2\/types\/page"}],"author":[{"embeddable":true,"href":"https:\/\/www.okayautos.com\/it\/wp-json\/wp\/v2\/users\/2"}],"replies":[{"embeddable":true,"href":"https:\/\/www.okayautos.com\/it\/wp-json\/wp\/v2\/comments?post=14614"}],"version-history":[{"count":6,"href":"https:\/\/www.okayautos.com\/it\/wp-json\/wp\/v2\/pages\/14614\/revisions"}],"predecessor-version":[{"id":16512,"href":"https:\/\/www.okayautos.com\/it\/wp-json\/wp\/v2\/pages\/14614\/revisions\/16512"}],"wp:attachment":[{"href":"https:\/\/www.okayautos.com\/it\/wp-json\/wp\/v2\/media?parent=14614"}],"curies":[{"name":"wp","href":"https:\/\/api.w.org\/{rel}","templated":true}]}}