{"id":14620,"date":"2022-12-09T17:14:07","date_gmt":"2022-12-09T16:14:07","guid":{"rendered":"https:\/\/www.okayautos.com\/?page_id=14620"},"modified":"2025-07-01T23:09:05","modified_gmt":"2025-07-01T21:09:05","slug":"noleggio-auto-stazione-di-malaga","status":"publish","type":"page","link":"https:\/\/www.okayautos.com\/it\/noleggio-auto-stazione-di-malaga\/","title":{"rendered":"Noleggio Auto Stazione di Malaga"},"content":{"rendered":"<div id=\"cs-content\" class=\"cs-content\"><\/div>\n","protected":false},"excerpt":{"rendered":"<p>Prenota il tuo autonoleggio alla stazione di Malaga Con l&#8217;arrivo della nuova linea ferroviaria di alta velocit\u00e0, ogni anno aumenta la richiesta di auto a noleggio alla stazione di Malaga. \u00c8 per questo che abbiamo riunito i migliori autonoleggi della Costa del Sol, aziende di riconosciuta professionalit\u00e0, presenti anche all&#8217;aeroporto di Malaga e in altre location della citt\u00e0. Al tuo &#8230; <a href=\"https:\/\/www.okayautos.com\/it\/noleggio-auto-stazione-di-malaga\/\" class=\"more-link\">Read More<\/a><\/p>\n","protected":false},"author":2,"featured_media":0,"parent":0,"menu_order":0,"comment_status":"closed","ping_status":"closed","template":"template-blank-4.php","meta":{"footnotes":""},"class_list":["post-14620","page","type-page","status-publish","hentry","no-post-thumbnail"],"aioseo_notices":[],"_links":{"self":[{"href":"https:\/\/www.okayautos.com\/it\/wp-json\/wp\/v2\/pages\/14620","targetHints":{"allow":["GET"]}}],"collection":[{"href":"https:\/\/www.okayautos.com\/it\/wp-json\/wp\/v2\/pages"}],"about":[{"href":"https:\/\/www.okayautos.com\/it\/wp-json\/wp\/v2\/types\/page"}],"author":[{"embeddable":true,"href":"https:\/\/www.okayautos.com\/it\/wp-json\/wp\/v2\/users\/2"}],"replies":[{"embeddable":true,"href":"https:\/\/www.okayautos.com\/it\/wp-json\/wp\/v2\/comments?post=14620"}],"version-history":[{"count":10,"href":"https:\/\/www.okayautos.com\/it\/wp-json\/wp\/v2\/pages\/14620\/revisions"}],"predecessor-version":[{"id":16533,"href":"https:\/\/www.okayautos.com\/it\/wp-json\/wp\/v2\/pages\/14620\/revisions\/16533"}],"wp:attachment":[{"href":"https:\/\/www.okayautos.com\/it\/wp-json\/wp\/v2\/media?parent=14620"}],"curies":[{"name":"wp","href":"https:\/\/api.w.org\/{rel}","templated":true}]}}