{"id":14632,"date":"2022-12-09T17:36:04","date_gmt":"2022-12-09T16:36:04","guid":{"rendered":"https:\/\/www.okayautos.com\/?page_id=14632"},"modified":"2025-07-01T23:04:11","modified_gmt":"2025-07-01T21:04:11","slug":"noleggio-auto-leon","status":"publish","type":"page","link":"https:\/\/www.okayautos.com\/it\/noleggio-auto-leon\/","title":{"rendered":"Noleggio Auto Leon"},"content":{"rendered":"<div id=\"cs-content\" class=\"cs-content\"><\/div>\n","protected":false},"excerpt":{"rendered":"<p>La tua auto a noleggio a Leon con tariffe tutto incluso Leon, una citt\u00e0 situata nella regione settentrionale della Castiglia e Le\u00f3n in Spagna, \u00e8 conosciuta per la sua architettura gotica, i suoi musei, la gastronomia e la cultura. Se si visita Leon, noleggiare un&#8217;auto \u00e8 un&#8217;opzione ideale per godere appieno di tutto ci\u00f2 che questa citt\u00e0 ha da offrire. &#8230; <a href=\"https:\/\/www.okayautos.com\/it\/noleggio-auto-leon\/\" class=\"more-link\">Read More<\/a><\/p>\n","protected":false},"author":2,"featured_media":0,"parent":0,"menu_order":0,"comment_status":"closed","ping_status":"closed","template":"template-blank-4.php","meta":{"footnotes":""},"class_list":["post-14632","page","type-page","status-publish","hentry","no-post-thumbnail"],"aioseo_notices":[],"_links":{"self":[{"href":"https:\/\/www.okayautos.com\/it\/wp-json\/wp\/v2\/pages\/14632","targetHints":{"allow":["GET"]}}],"collection":[{"href":"https:\/\/www.okayautos.com\/it\/wp-json\/wp\/v2\/pages"}],"about":[{"href":"https:\/\/www.okayautos.com\/it\/wp-json\/wp\/v2\/types\/page"}],"author":[{"embeddable":true,"href":"https:\/\/www.okayautos.com\/it\/wp-json\/wp\/v2\/users\/2"}],"replies":[{"embeddable":true,"href":"https:\/\/www.okayautos.com\/it\/wp-json\/wp\/v2\/comments?post=14632"}],"version-history":[{"count":6,"href":"https:\/\/www.okayautos.com\/it\/wp-json\/wp\/v2\/pages\/14632\/revisions"}],"predecessor-version":[{"id":16515,"href":"https:\/\/www.okayautos.com\/it\/wp-json\/wp\/v2\/pages\/14632\/revisions\/16515"}],"wp:attachment":[{"href":"https:\/\/www.okayautos.com\/it\/wp-json\/wp\/v2\/media?parent=14632"}],"curies":[{"name":"wp","href":"https:\/\/api.w.org\/{rel}","templated":true}]}}