{"id":14636,"date":"2022-12-09T17:45:24","date_gmt":"2022-12-09T16:45:24","guid":{"rendered":"https:\/\/www.okayautos.com\/?page_id=14636"},"modified":"2025-07-01T23:04:31","modified_gmt":"2025-07-01T21:04:31","slug":"noleggio-auto-madrid-aeroporto","status":"publish","type":"page","link":"https:\/\/www.okayautos.com\/it\/noleggio-auto-madrid-aeroporto\/","title":{"rendered":"Noleggio Auto Madrid Aeroporto"},"content":{"rendered":"<div id=\"cs-content\" class=\"cs-content\"><\/div>\n","protected":false},"excerpt":{"rendered":"<p>Noleggio auto a Madrid Barajas senza franchigie Perch\u00e9 oltre a essere un broker che ti aiuta a confrontare i prezzi dell&#8217;autonoleggio, siamo anche un vero e proprio rent a car che ti fornisce tutte le soluzioni di mobilit\u00e0 possibili in pi\u00f9 di 250 destinazioni spagnole. Cerchi un noleggio auto senza franchigia a Madrid? Avrai varie possibilit\u00e0 e diversi prodotti per &#8230; <a href=\"https:\/\/www.okayautos.com\/it\/noleggio-auto-madrid-aeroporto\/\" class=\"more-link\">Read More<\/a><\/p>\n","protected":false},"author":2,"featured_media":0,"parent":0,"menu_order":0,"comment_status":"closed","ping_status":"closed","template":"template-blank-4.php","meta":{"footnotes":""},"class_list":["post-14636","page","type-page","status-publish","hentry","no-post-thumbnail"],"aioseo_notices":[],"_links":{"self":[{"href":"https:\/\/www.okayautos.com\/it\/wp-json\/wp\/v2\/pages\/14636","targetHints":{"allow":["GET"]}}],"collection":[{"href":"https:\/\/www.okayautos.com\/it\/wp-json\/wp\/v2\/pages"}],"about":[{"href":"https:\/\/www.okayautos.com\/it\/wp-json\/wp\/v2\/types\/page"}],"author":[{"embeddable":true,"href":"https:\/\/www.okayautos.com\/it\/wp-json\/wp\/v2\/users\/2"}],"replies":[{"embeddable":true,"href":"https:\/\/www.okayautos.com\/it\/wp-json\/wp\/v2\/comments?post=14636"}],"version-history":[{"count":8,"href":"https:\/\/www.okayautos.com\/it\/wp-json\/wp\/v2\/pages\/14636\/revisions"}],"predecessor-version":[{"id":16518,"href":"https:\/\/www.okayautos.com\/it\/wp-json\/wp\/v2\/pages\/14636\/revisions\/16518"}],"wp:attachment":[{"href":"https:\/\/www.okayautos.com\/it\/wp-json\/wp\/v2\/media?parent=14636"}],"curies":[{"name":"wp","href":"https:\/\/api.w.org\/{rel}","templated":true}]}}