{"id":14656,"date":"2022-12-09T18:08:28","date_gmt":"2022-12-09T17:08:28","guid":{"rendered":"https:\/\/www.okayautos.com\/?page_id=14656"},"modified":"2025-07-01T23:07:01","modified_gmt":"2025-07-01T21:07:01","slug":"noleggio-auto-murcia","status":"publish","type":"page","link":"https:\/\/www.okayautos.com\/it\/noleggio-auto-murcia\/","title":{"rendered":"Noleggio Auto Murcia"},"content":{"rendered":"<div id=\"cs-content\" class=\"cs-content\"><\/div>\n","protected":false},"excerpt":{"rendered":"<p>La tua auto a noleggio all&#8217;aeroporto di Murcia L&#8217;aeroporto di Murcia, uno tra i pi\u00f9 moderni a livello nazionale, \u00e8 in crescita costante grazie alle operazioni di tutte le compagnie aeree low cost pi\u00f9 importanti. Qui potrai trovare voli di EasyJet, Ryanair, TUI, e Volotea verso pi\u00f9 di 40 destinazioni europee, anche italiane. Noleggiare una macchina all&#8217;aeroporto di Murcia \u00e8 &#8230; <a href=\"https:\/\/www.okayautos.com\/it\/noleggio-auto-murcia\/\" class=\"more-link\">Read More<\/a><\/p>\n","protected":false},"author":2,"featured_media":0,"parent":0,"menu_order":0,"comment_status":"closed","ping_status":"closed","template":"template-blank-4.php","meta":{"footnotes":""},"class_list":["post-14656","page","type-page","status-publish","hentry","no-post-thumbnail"],"aioseo_notices":[],"_links":{"self":[{"href":"https:\/\/www.okayautos.com\/it\/wp-json\/wp\/v2\/pages\/14656","targetHints":{"allow":["GET"]}}],"collection":[{"href":"https:\/\/www.okayautos.com\/it\/wp-json\/wp\/v2\/pages"}],"about":[{"href":"https:\/\/www.okayautos.com\/it\/wp-json\/wp\/v2\/types\/page"}],"author":[{"embeddable":true,"href":"https:\/\/www.okayautos.com\/it\/wp-json\/wp\/v2\/users\/2"}],"replies":[{"embeddable":true,"href":"https:\/\/www.okayautos.com\/it\/wp-json\/wp\/v2\/comments?post=14656"}],"version-history":[{"count":11,"href":"https:\/\/www.okayautos.com\/it\/wp-json\/wp\/v2\/pages\/14656\/revisions"}],"predecessor-version":[{"id":16522,"href":"https:\/\/www.okayautos.com\/it\/wp-json\/wp\/v2\/pages\/14656\/revisions\/16522"}],"wp:attachment":[{"href":"https:\/\/www.okayautos.com\/it\/wp-json\/wp\/v2\/media?parent=14656"}],"curies":[{"name":"wp","href":"https:\/\/api.w.org\/{rel}","templated":true}]}}