{"id":14660,"date":"2022-12-09T18:13:32","date_gmt":"2022-12-09T17:13:32","guid":{"rendered":"https:\/\/www.okayautos.com\/?page_id=14660"},"modified":"2025-07-01T23:07:07","modified_gmt":"2025-07-01T21:07:07","slug":"noleggio-auto-oviedo","status":"publish","type":"page","link":"https:\/\/www.okayautos.com\/it\/noleggio-auto-oviedo\/","title":{"rendered":"Noleggio Auto Oviedo"},"content":{"rendered":"<div id=\"cs-content\" class=\"cs-content\"><\/div>\n","protected":false},"excerpt":{"rendered":"<p>La tua auto a noleggio all&#8217;aeroporto delle Asturie e a Oviedo Oviedo \u00e8 la capitale delle Asturie, una regione del nord della Spagna con una natura mozzafiato e una ricca cultura. Se stai pianificando di visitare questa citt\u00e0 e vuoi esplorare i suoi dintorni, il noleggio auto \u00e8 una delle opzioni pi\u00f9 convenienti e flessibili. Ci sono diverse opzioni di &#8230; <a href=\"https:\/\/www.okayautos.com\/it\/noleggio-auto-oviedo\/\" class=\"more-link\">Read More<\/a><\/p>\n","protected":false},"author":2,"featured_media":0,"parent":0,"menu_order":0,"comment_status":"closed","ping_status":"closed","template":"template-blank-4.php","meta":{"footnotes":""},"class_list":["post-14660","page","type-page","status-publish","hentry","no-post-thumbnail"],"aioseo_notices":[],"_links":{"self":[{"href":"https:\/\/www.okayautos.com\/it\/wp-json\/wp\/v2\/pages\/14660","targetHints":{"allow":["GET"]}}],"collection":[{"href":"https:\/\/www.okayautos.com\/it\/wp-json\/wp\/v2\/pages"}],"about":[{"href":"https:\/\/www.okayautos.com\/it\/wp-json\/wp\/v2\/types\/page"}],"author":[{"embeddable":true,"href":"https:\/\/www.okayautos.com\/it\/wp-json\/wp\/v2\/users\/2"}],"replies":[{"embeddable":true,"href":"https:\/\/www.okayautos.com\/it\/wp-json\/wp\/v2\/comments?post=14660"}],"version-history":[{"count":11,"href":"https:\/\/www.okayautos.com\/it\/wp-json\/wp\/v2\/pages\/14660\/revisions"}],"predecessor-version":[{"id":16523,"href":"https:\/\/www.okayautos.com\/it\/wp-json\/wp\/v2\/pages\/14660\/revisions\/16523"}],"wp:attachment":[{"href":"https:\/\/www.okayautos.com\/it\/wp-json\/wp\/v2\/media?parent=14660"}],"curies":[{"name":"wp","href":"https:\/\/api.w.org\/{rel}","templated":true}]}}