{"id":14690,"date":"2022-12-09T19:52:52","date_gmt":"2022-12-09T18:52:52","guid":{"rendered":"https:\/\/www.okayautos.com\/?page_id=14690"},"modified":"2025-07-01T23:08:40","modified_gmt":"2025-07-01T21:08:40","slug":"noleggio-auto-stazione-di-barcellona-sants","status":"publish","type":"page","link":"https:\/\/www.okayautos.com\/it\/noleggio-auto-stazione-di-barcellona-sants\/","title":{"rendered":"Noleggio Auto Stazione di Barcellona Sants"},"content":{"rendered":"<div id=\"cs-content\" class=\"cs-content\"><\/div>\n","protected":false},"excerpt":{"rendered":"<p>Appena scendi dal treno, ti aspetta la tua vettura a noleggio Barcellona \u00e8 una delle citt\u00e0 pi\u00f9 popolari e visitate al mondo, attirando turisti da ogni angolo del pianeta con la sua ricca storia, la sua cultura vibrante e la sua cucina deliziosa. Con cos\u00ec tanto da vedere e fare, Barcellona pu\u00f2 essere esplorata al meglio in modo autonomo, e &#8230; <a href=\"https:\/\/www.okayautos.com\/it\/noleggio-auto-stazione-di-barcellona-sants\/\" class=\"more-link\">Read More<\/a><\/p>\n","protected":false},"author":2,"featured_media":0,"parent":0,"menu_order":0,"comment_status":"closed","ping_status":"closed","template":"template-blank-4.php","meta":{"footnotes":""},"class_list":["post-14690","page","type-page","status-publish","hentry","no-post-thumbnail"],"aioseo_notices":[],"_links":{"self":[{"href":"https:\/\/www.okayautos.com\/it\/wp-json\/wp\/v2\/pages\/14690","targetHints":{"allow":["GET"]}}],"collection":[{"href":"https:\/\/www.okayautos.com\/it\/wp-json\/wp\/v2\/pages"}],"about":[{"href":"https:\/\/www.okayautos.com\/it\/wp-json\/wp\/v2\/types\/page"}],"author":[{"embeddable":true,"href":"https:\/\/www.okayautos.com\/it\/wp-json\/wp\/v2\/users\/2"}],"replies":[{"embeddable":true,"href":"https:\/\/www.okayautos.com\/it\/wp-json\/wp\/v2\/comments?post=14690"}],"version-history":[{"count":10,"href":"https:\/\/www.okayautos.com\/it\/wp-json\/wp\/v2\/pages\/14690\/revisions"}],"predecessor-version":[{"id":16531,"href":"https:\/\/www.okayautos.com\/it\/wp-json\/wp\/v2\/pages\/14690\/revisions\/16531"}],"wp:attachment":[{"href":"https:\/\/www.okayautos.com\/it\/wp-json\/wp\/v2\/media?parent=14690"}],"curies":[{"name":"wp","href":"https:\/\/api.w.org\/{rel}","templated":true}]}}