{"id":14694,"date":"2022-12-09T19:56:36","date_gmt":"2022-12-09T18:56:36","guid":{"rendered":"https:\/\/www.okayautos.com\/?page_id=14694"},"modified":"2025-07-01T23:08:05","modified_gmt":"2025-07-01T21:08:05","slug":"noleggio-auto-siviglia","status":"publish","type":"page","link":"https:\/\/www.okayautos.com\/it\/noleggio-auto-siviglia\/","title":{"rendered":"Noleggio Auto Siviglia"},"content":{"rendered":"<div id=\"cs-content\" class=\"cs-content\"><\/div>\n","protected":false},"excerpt":{"rendered":"<p>Autonoleggio a Siviglia con assicurazione inclusa Una delle richieste che pi\u00f9 ci fate arrivare \u00e8 proprio questa e riguarda la possibilit\u00e0 di prenotare il noleggio auto a Siviglia senza franchigia. Viaggiare tranquilli non ha prezzo e per questo abbiamo preparato due tipi di copertura assicurativa, da scegliere al momento della richiesta della vettura. Queste saranno le tue opzioni: Noleggiare la &#8230; <a href=\"https:\/\/www.okayautos.com\/it\/noleggio-auto-siviglia\/\" class=\"more-link\">Read More<\/a><\/p>\n","protected":false},"author":2,"featured_media":0,"parent":0,"menu_order":0,"comment_status":"closed","ping_status":"closed","template":"template-blank-4.php","meta":{"footnotes":""},"class_list":["post-14694","page","type-page","status-publish","hentry","no-post-thumbnail"],"aioseo_notices":[],"_links":{"self":[{"href":"https:\/\/www.okayautos.com\/it\/wp-json\/wp\/v2\/pages\/14694","targetHints":{"allow":["GET"]}}],"collection":[{"href":"https:\/\/www.okayautos.com\/it\/wp-json\/wp\/v2\/pages"}],"about":[{"href":"https:\/\/www.okayautos.com\/it\/wp-json\/wp\/v2\/types\/page"}],"author":[{"embeddable":true,"href":"https:\/\/www.okayautos.com\/it\/wp-json\/wp\/v2\/users\/2"}],"replies":[{"embeddable":true,"href":"https:\/\/www.okayautos.com\/it\/wp-json\/wp\/v2\/comments?post=14694"}],"version-history":[{"count":7,"href":"https:\/\/www.okayautos.com\/it\/wp-json\/wp\/v2\/pages\/14694\/revisions"}],"predecessor-version":[{"id":16530,"href":"https:\/\/www.okayautos.com\/it\/wp-json\/wp\/v2\/pages\/14694\/revisions\/16530"}],"wp:attachment":[{"href":"https:\/\/www.okayautos.com\/it\/wp-json\/wp\/v2\/media?parent=14694"}],"curies":[{"name":"wp","href":"https:\/\/api.w.org\/{rel}","templated":true}]}}