{"id":14698,"date":"2022-12-09T19:59:42","date_gmt":"2022-12-09T18:59:42","guid":{"rendered":"https:\/\/www.okayautos.com\/?page_id=14698"},"modified":"2025-07-01T23:09:10","modified_gmt":"2025-07-01T21:09:10","slug":"noleggio-auto-stazione-di-siviglia","status":"publish","type":"page","link":"https:\/\/www.okayautos.com\/it\/noleggio-auto-stazione-di-siviglia\/","title":{"rendered":"Noleggio Auto Stazione di Siviglia"},"content":{"rendered":"<div id=\"cs-content\" class=\"cs-content\"><\/div>\n","protected":false},"excerpt":{"rendered":"<p>Prenota adesso il tuo autonoleggio alla stazione di Siviglia La stazione ferroviaria di Siviglia Santa Justa \u00e8 diventata uno dei luoghi turistici pi\u00f9 importanti del sud della Penisola Iberica, gi\u00e0 che qui arrivano i treni di alta velocit\u00e0 dalla stazione di Madrid. Con pi\u00f9 di due milioni di passeggeri all&#8217;anno e con un traffico misto di turisti e viaggiatori business, &#8230; <a href=\"https:\/\/www.okayautos.com\/it\/noleggio-auto-stazione-di-siviglia\/\" class=\"more-link\">Read More<\/a><\/p>\n","protected":false},"author":2,"featured_media":0,"parent":0,"menu_order":0,"comment_status":"closed","ping_status":"closed","template":"template-blank-4.php","meta":{"footnotes":""},"class_list":["post-14698","page","type-page","status-publish","hentry","no-post-thumbnail"],"aioseo_notices":[],"_links":{"self":[{"href":"https:\/\/www.okayautos.com\/it\/wp-json\/wp\/v2\/pages\/14698","targetHints":{"allow":["GET"]}}],"collection":[{"href":"https:\/\/www.okayautos.com\/it\/wp-json\/wp\/v2\/pages"}],"about":[{"href":"https:\/\/www.okayautos.com\/it\/wp-json\/wp\/v2\/types\/page"}],"author":[{"embeddable":true,"href":"https:\/\/www.okayautos.com\/it\/wp-json\/wp\/v2\/users\/2"}],"replies":[{"embeddable":true,"href":"https:\/\/www.okayautos.com\/it\/wp-json\/wp\/v2\/comments?post=14698"}],"version-history":[{"count":6,"href":"https:\/\/www.okayautos.com\/it\/wp-json\/wp\/v2\/pages\/14698\/revisions"}],"predecessor-version":[{"id":16534,"href":"https:\/\/www.okayautos.com\/it\/wp-json\/wp\/v2\/pages\/14698\/revisions\/16534"}],"wp:attachment":[{"href":"https:\/\/www.okayautos.com\/it\/wp-json\/wp\/v2\/media?parent=14698"}],"curies":[{"name":"wp","href":"https:\/\/api.w.org\/{rel}","templated":true}]}}