{"id":14706,"date":"2022-12-09T20:08:01","date_gmt":"2022-12-09T19:08:01","guid":{"rendered":"https:\/\/www.okayautos.com\/?page_id=14706"},"modified":"2025-07-01T23:09:29","modified_gmt":"2025-07-01T21:09:29","slug":"noleggio-auto-tenerife","status":"publish","type":"page","link":"https:\/\/www.okayautos.com\/it\/noleggio-auto-tenerife\/","title":{"rendered":"Noleggio Auto Tenerife"},"content":{"rendered":"<div id=\"cs-content\" class=\"cs-content\"><\/div>\n","protected":false},"excerpt":{"rendered":"<p>Okayautos \u00e8 la soluzione per la tua mobilit\u00e0 a Tenerife Tenerife \u00e8 una delle destinazioni pi\u00f9 richieste dai clienti di Okayautos specialmente d&#8217;inverno, quando migliaia d&#8217;italiani partono per le Isole Canarie alla ricerca del sole e del mare. \u00c8 proprio per questo che abbiamo pianificato una flotta con pi\u00f9 di 30 modelli disponibile tutto l&#8217;anno, gi\u00e0 che a differenza delle &#8230; <a href=\"https:\/\/www.okayautos.com\/it\/noleggio-auto-tenerife\/\" class=\"more-link\">Read More<\/a><\/p>\n","protected":false},"author":2,"featured_media":0,"parent":0,"menu_order":0,"comment_status":"closed","ping_status":"closed","template":"template-blank-4.php","meta":{"footnotes":""},"class_list":["post-14706","page","type-page","status-publish","hentry","no-post-thumbnail"],"aioseo_notices":[],"_links":{"self":[{"href":"https:\/\/www.okayautos.com\/it\/wp-json\/wp\/v2\/pages\/14706","targetHints":{"allow":["GET"]}}],"collection":[{"href":"https:\/\/www.okayautos.com\/it\/wp-json\/wp\/v2\/pages"}],"about":[{"href":"https:\/\/www.okayautos.com\/it\/wp-json\/wp\/v2\/types\/page"}],"author":[{"embeddable":true,"href":"https:\/\/www.okayautos.com\/it\/wp-json\/wp\/v2\/users\/2"}],"replies":[{"embeddable":true,"href":"https:\/\/www.okayautos.com\/it\/wp-json\/wp\/v2\/comments?post=14706"}],"version-history":[{"count":6,"href":"https:\/\/www.okayautos.com\/it\/wp-json\/wp\/v2\/pages\/14706\/revisions"}],"predecessor-version":[{"id":16536,"href":"https:\/\/www.okayautos.com\/it\/wp-json\/wp\/v2\/pages\/14706\/revisions\/16536"}],"wp:attachment":[{"href":"https:\/\/www.okayautos.com\/it\/wp-json\/wp\/v2\/media?parent=14706"}],"curies":[{"name":"wp","href":"https:\/\/api.w.org\/{rel}","templated":true}]}}