{"id":14744,"date":"2022-12-09T20:58:54","date_gmt":"2022-12-09T19:58:54","guid":{"rendered":"https:\/\/www.okayautos.com\/?page_id=14744"},"modified":"2025-07-01T22:59:09","modified_gmt":"2025-07-01T20:59:09","slug":"flotta","status":"publish","type":"page","link":"https:\/\/www.okayautos.com\/it\/flotta\/","title":{"rendered":"Flotta"},"content":{"rendered":"<div id=\"cs-content\" class=\"cs-content\"><\/div>\n","protected":false},"excerpt":{"rendered":"<p>Una vasta flotta di vetture a tua disposizione Okayautos \u00e8 una societ\u00e0 di noleggio auto che offre una vasta gamma di modelli di auto per soddisfare le esigenze dei propri clienti. La flotta di Okayautos \u00e8 composta da pi\u00f9 di 15 categorie di modelli, che vanno dalle pi\u00f9 economiche, fino alle lussuose, sportive, cabriolet, monovolumi e pulmini. Tra le auto &#8230; <a href=\"https:\/\/www.okayautos.com\/it\/flotta\/\" class=\"more-link\">Read More<\/a><\/p>\n","protected":false},"author":2,"featured_media":0,"parent":0,"menu_order":0,"comment_status":"closed","ping_status":"open","template":"template-blank-4.php","meta":{"footnotes":""},"class_list":["post-14744","page","type-page","status-publish","hentry","no-post-thumbnail"],"aioseo_notices":[],"_links":{"self":[{"href":"https:\/\/www.okayautos.com\/it\/wp-json\/wp\/v2\/pages\/14744","targetHints":{"allow":["GET"]}}],"collection":[{"href":"https:\/\/www.okayautos.com\/it\/wp-json\/wp\/v2\/pages"}],"about":[{"href":"https:\/\/www.okayautos.com\/it\/wp-json\/wp\/v2\/types\/page"}],"author":[{"embeddable":true,"href":"https:\/\/www.okayautos.com\/it\/wp-json\/wp\/v2\/users\/2"}],"replies":[{"embeddable":true,"href":"https:\/\/www.okayautos.com\/it\/wp-json\/wp\/v2\/comments?post=14744"}],"version-history":[{"count":6,"href":"https:\/\/www.okayautos.com\/it\/wp-json\/wp\/v2\/pages\/14744\/revisions"}],"predecessor-version":[{"id":16494,"href":"https:\/\/www.okayautos.com\/it\/wp-json\/wp\/v2\/pages\/14744\/revisions\/16494"}],"wp:attachment":[{"href":"https:\/\/www.okayautos.com\/it\/wp-json\/wp\/v2\/media?parent=14744"}],"curies":[{"name":"wp","href":"https:\/\/api.w.org\/{rel}","templated":true}]}}