{"id":14758,"date":"2022-12-09T21:06:41","date_gmt":"2022-12-09T20:06:41","guid":{"rendered":"https:\/\/www.okayautos.com\/?page_id=14758"},"modified":"2025-07-01T22:58:37","modified_gmt":"2025-07-01T20:58:37","slug":"chi-siamo","status":"publish","type":"page","link":"https:\/\/www.okayautos.com\/it\/chi-siamo\/","title":{"rendered":"Chi Siamo"},"content":{"rendered":"<div id=\"cs-content\" class=\"cs-content\"><\/div>\n","protected":false},"excerpt":{"rendered":"<p>Un potente motore di ricerca che trova la miglior tariffa sempre Confrontiamo i prezzi di 50 modelli di vetture in di pi\u00f9 di 50 autonoleggi, in 250 destinazioni spagnole e portoghesi. Inoltre, ti diamo la possibilit\u00e0 di prenotare in altre pi\u00f9 di 80.000 destinazioni mondiali sempre con la miglior tariffa e conferma immediata grazie alla collaborazione delle altre societ\u00e0 del &#8230; <a href=\"https:\/\/www.okayautos.com\/it\/chi-siamo\/\" class=\"more-link\">Read More<\/a><\/p>\n","protected":false},"author":2,"featured_media":0,"parent":0,"menu_order":0,"comment_status":"closed","ping_status":"open","template":"template-blank-4.php","meta":{"footnotes":""},"class_list":["post-14758","page","type-page","status-publish","hentry","no-post-thumbnail"],"aioseo_notices":[],"_links":{"self":[{"href":"https:\/\/www.okayautos.com\/it\/wp-json\/wp\/v2\/pages\/14758","targetHints":{"allow":["GET"]}}],"collection":[{"href":"https:\/\/www.okayautos.com\/it\/wp-json\/wp\/v2\/pages"}],"about":[{"href":"https:\/\/www.okayautos.com\/it\/wp-json\/wp\/v2\/types\/page"}],"author":[{"embeddable":true,"href":"https:\/\/www.okayautos.com\/it\/wp-json\/wp\/v2\/users\/2"}],"replies":[{"embeddable":true,"href":"https:\/\/www.okayautos.com\/it\/wp-json\/wp\/v2\/comments?post=14758"}],"version-history":[{"count":6,"href":"https:\/\/www.okayautos.com\/it\/wp-json\/wp\/v2\/pages\/14758\/revisions"}],"predecessor-version":[{"id":16493,"href":"https:\/\/www.okayautos.com\/it\/wp-json\/wp\/v2\/pages\/14758\/revisions\/16493"}],"wp:attachment":[{"href":"https:\/\/www.okayautos.com\/it\/wp-json\/wp\/v2\/media?parent=14758"}],"curies":[{"name":"wp","href":"https:\/\/api.w.org\/{rel}","templated":true}]}}