{"id":15625,"date":"2023-01-13T18:59:53","date_gmt":"2023-01-13T17:59:53","guid":{"rendered":"https:\/\/www.okayautos.com\/?page_id=15625"},"modified":"2025-07-01T23:07:13","modified_gmt":"2025-07-01T21:07:13","slug":"noleggio-auto-porto","status":"publish","type":"page","link":"https:\/\/www.okayautos.com\/it\/noleggio-auto-porto\/","title":{"rendered":"Noleggio Auto Porto"},"content":{"rendered":"<div id=\"cs-content\" class=\"cs-content\"><\/div>\n","protected":false},"excerpt":{"rendered":"<p>Prenota il tuo autonoleggio a Porto Aeroporto Porto, a volte chiamata anche Oporto, \u00e8 una delle citt\u00e0 pi\u00f9 importanti del Portogallo in termini di storia, cultura, gastronomia ma anche di turismo. A questa localit\u00e0 arrivano una media di cinque milioni di viaggiatori all&#8217;anno grazie alle operazioni di circa venticinque linee aeree. Queste forniscono la citt\u00e0 di collegamenti continentali e intercontinentali, &#8230; <a href=\"https:\/\/www.okayautos.com\/it\/noleggio-auto-porto\/\" class=\"more-link\">Read More<\/a><\/p>\n","protected":false},"author":2,"featured_media":0,"parent":0,"menu_order":0,"comment_status":"closed","ping_status":"closed","template":"template-blank-4.php","meta":{"footnotes":""},"class_list":["post-15625","page","type-page","status-publish","hentry","no-post-thumbnail"],"aioseo_notices":[],"_links":{"self":[{"href":"https:\/\/www.okayautos.com\/it\/wp-json\/wp\/v2\/pages\/15625","targetHints":{"allow":["GET"]}}],"collection":[{"href":"https:\/\/www.okayautos.com\/it\/wp-json\/wp\/v2\/pages"}],"about":[{"href":"https:\/\/www.okayautos.com\/it\/wp-json\/wp\/v2\/types\/page"}],"author":[{"embeddable":true,"href":"https:\/\/www.okayautos.com\/it\/wp-json\/wp\/v2\/users\/2"}],"replies":[{"embeddable":true,"href":"https:\/\/www.okayautos.com\/it\/wp-json\/wp\/v2\/comments?post=15625"}],"version-history":[{"count":7,"href":"https:\/\/www.okayautos.com\/it\/wp-json\/wp\/v2\/pages\/15625\/revisions"}],"predecessor-version":[{"id":16524,"href":"https:\/\/www.okayautos.com\/it\/wp-json\/wp\/v2\/pages\/15625\/revisions\/16524"}],"wp:attachment":[{"href":"https:\/\/www.okayautos.com\/it\/wp-json\/wp\/v2\/media?parent=15625"}],"curies":[{"name":"wp","href":"https:\/\/api.w.org\/{rel}","templated":true}]}}