{"id":15667,"date":"2023-01-14T01:28:34","date_gmt":"2023-01-14T00:28:34","guid":{"rendered":"https:\/\/www.okayautos.com\/?page_id=15667"},"modified":"2025-07-01T22:59:35","modified_gmt":"2025-07-01T20:59:35","slug":"noleggio-auto-azzorre","status":"publish","type":"page","link":"https:\/\/www.okayautos.com\/it\/noleggio-auto-azzorre\/","title":{"rendered":"Noleggio Auto Azzorre"},"content":{"rendered":"<div id=\"cs-content\" class=\"cs-content\"><\/div>\n","protected":false},"excerpt":{"rendered":"<p>Prenota il tuo autonoleggio in tutti gli aeroporti delle Azzorre Okayautos \u00e8 il miglior broker di autonoleggio in Portogallo. \u00c8 per questo che abbiamo deciso di aprire pi\u00f9 di 35 uffici noleggio anche alle Isole Azzorre, un paradiso situato nel bel mezzo dell&#8217;Oceano Atlantico. Per quanto riguarda il noleggio auto a Sao Miguel, siamo presenti all&#8217;aeroporto di Ponta Delgada da &#8230; <a href=\"https:\/\/www.okayautos.com\/it\/noleggio-auto-azzorre\/\" class=\"more-link\">Read More<\/a><\/p>\n","protected":false},"author":2,"featured_media":0,"parent":0,"menu_order":0,"comment_status":"closed","ping_status":"closed","template":"template-blank-4.php","meta":{"footnotes":""},"class_list":["post-15667","page","type-page","status-publish","hentry","no-post-thumbnail"],"aioseo_notices":[],"_links":{"self":[{"href":"https:\/\/www.okayautos.com\/it\/wp-json\/wp\/v2\/pages\/15667","targetHints":{"allow":["GET"]}}],"collection":[{"href":"https:\/\/www.okayautos.com\/it\/wp-json\/wp\/v2\/pages"}],"about":[{"href":"https:\/\/www.okayautos.com\/it\/wp-json\/wp\/v2\/types\/page"}],"author":[{"embeddable":true,"href":"https:\/\/www.okayautos.com\/it\/wp-json\/wp\/v2\/users\/2"}],"replies":[{"embeddable":true,"href":"https:\/\/www.okayautos.com\/it\/wp-json\/wp\/v2\/comments?post=15667"}],"version-history":[{"count":6,"href":"https:\/\/www.okayautos.com\/it\/wp-json\/wp\/v2\/pages\/15667\/revisions"}],"predecessor-version":[{"id":16498,"href":"https:\/\/www.okayautos.com\/it\/wp-json\/wp\/v2\/pages\/15667\/revisions\/16498"}],"wp:attachment":[{"href":"https:\/\/www.okayautos.com\/it\/wp-json\/wp\/v2\/media?parent=15667"}],"curies":[{"name":"wp","href":"https:\/\/api.w.org\/{rel}","templated":true}]}}